{"id":772,"date":"2021-01-04T18:18:34","date_gmt":"2021-01-04T18:18:34","guid":{"rendered":"https:\/\/www.tuexitoacademico.com\/blog\/?page_id=772"},"modified":"2021-01-23T01:08:40","modified_gmt":"2021-01-23T01:08:40","slug":"emb2-apa","status":"publish","type":"page","link":"https:\/\/www.tuexitoacademico.com\/blog\/emb2-apa\/","title":{"rendered":"Emb2-apa"},"content":{"rendered":"\t\t<div data-elementor-type=\"wp-page\" data-elementor-id=\"772\" class=\"elementor elementor-772\">\n\t\t\t\t\t\t<section class=\"elementor-section elementor-top-section elementor-element elementor-element-6723c410 elementor-section-full_width elementor-section-height-min-height elementor-section-height-default elementor-section-items-middle\" data-id=\"6723c410\" data-element_type=\"section\" data-settings=\"{&quot;background_background&quot;:&quot;classic&quot;}\">\n\t\t\t\t\t\t<div class=\"elementor-container elementor-column-gap-default\">\n\t\t\t\t\t<div class=\"elementor-column elementor-col-100 elementor-top-column elementor-element elementor-element-401c0541\" data-id=\"401c0541\" data-element_type=\"column\">\n\t\t\t<div class=\"elementor-widget-wrap elementor-element-populated\">\n\t\t\t\t\t\t<div class=\"elementor-element elementor-element-b12f7f3 elementor-widget elementor-widget-image\" data-id=\"b12f7f3\" data-element_type=\"widget\" data-widget_type=\"image.default\">\n\t\t\t\t<div class=\"elementor-widget-container\">\n\t\t\t\t\t\t\t\t\t\t\t\t\t\t\t\t<a href=\"https:\/\/www.tuexitoacademico.com\/blog\">\n\t\t\t\t\t\t\t<img fetchpriority=\"high\" decoding=\"async\" width=\"1024\" height=\"75\" src=\"https:\/\/www.tuexitoacademico.com\/blog\/wp-content\/uploads\/2018\/07\/proyecto-de-investigacion-1024x75.png\" class=\"attachment-large size-large wp-image-328\" alt=\"proyecto-de-investigacion\" srcset=\"https:\/\/www.tuexitoacademico.com\/blog\/wp-content\/uploads\/2018\/07\/proyecto-de-investigacion-1024x75.png 1024w, https:\/\/www.tuexitoacademico.com\/blog\/wp-content\/uploads\/2018\/07\/proyecto-de-investigacion-300x22.png 300w, https:\/\/www.tuexitoacademico.com\/blog\/wp-content\/uploads\/2018\/07\/proyecto-de-investigacion-768x56.png 768w, https:\/\/www.tuexitoacademico.com\/blog\/wp-content\/uploads\/2018\/07\/proyecto-de-investigacion.png 1920w\" sizes=\"(max-width: 1024px) 100vw, 1024px\" \/>\t\t\t\t\t\t\t\t<\/a>\n\t\t\t\t\t\t\t\t\t\t\t\t\t\t\t<\/div>\n\t\t\t\t<\/div>\n\t\t\t\t\t<\/div>\n\t\t<\/div>\n\t\t\t\t\t<\/div>\n\t\t<\/section>\n\t\t\t\t<section class=\"elementor-section elementor-top-section elementor-element elementor-element-fec1edf elementor-section-full_width elementor-section-height-min-height elementor-section-height-default elementor-section-items-middle\" data-id=\"fec1edf\" data-element_type=\"section\" data-settings=\"{&quot;background_background&quot;:&quot;classic&quot;}\">\n\t\t\t\t\t\t<div class=\"elementor-container elementor-column-gap-default\">\n\t\t\t\t\t<div class=\"elementor-column elementor-col-100 elementor-top-column elementor-element elementor-element-d21a41a\" data-id=\"d21a41a\" data-element_type=\"column\">\n\t\t\t<div class=\"elementor-widget-wrap elementor-element-populated\">\n\t\t\t\t\t\t<div class=\"elementor-element elementor-element-acc6dd5 elementor-widget elementor-widget-heading\" data-id=\"acc6dd5\" data-element_type=\"widget\" data-widget_type=\"heading.default\">\n\t\t\t\t<div class=\"elementor-widget-container\">\n\t\t\t\t\t<h2 class=\"elementor-heading-title elementor-size-default\">\u00bfConoces las Normas APA?<br>\u00bfSabes configurar el documento con el formato establecido por APA?<\/h2>\t\t\t\t<\/div>\n\t\t\t\t<\/div>\n\t\t\t\t\t<\/div>\n\t\t<\/div>\n\t\t\t\t\t<\/div>\n\t\t<\/section>\n\t\t\t\t<section class=\"elementor-section elementor-top-section elementor-element elementor-element-1e5b12e elementor-section-full_width elementor-section-height-min-height elementor-section-height-default elementor-section-items-middle\" data-id=\"1e5b12e\" data-element_type=\"section\" data-settings=\"{&quot;background_background&quot;:&quot;classic&quot;}\">\n\t\t\t\t\t\t<div class=\"elementor-container elementor-column-gap-default\">\n\t\t\t\t\t<div class=\"elementor-column elementor-col-100 elementor-top-column elementor-element elementor-element-4f1e850\" data-id=\"4f1e850\" data-element_type=\"column\">\n\t\t\t<div class=\"elementor-widget-wrap elementor-element-populated\">\n\t\t\t\t\t\t<div class=\"elementor-element elementor-element-b35dcbc elementor-widget elementor-widget-heading\" data-id=\"b35dcbc\" data-element_type=\"widget\" data-widget_type=\"heading.default\">\n\t\t\t\t<div class=\"elementor-widget-container\">\n\t\t\t\t\t<h2 class=\"elementor-heading-title elementor-size-default\">En este v\u00eddeo LaProfe Esther junto a un miembro de su equipo te gu\u00edan paso a paso a configurar el documento<\/h2>\t\t\t\t<\/div>\n\t\t\t\t<\/div>\n\t\t\t\t\t<\/div>\n\t\t<\/div>\n\t\t\t\t\t<\/div>\n\t\t<\/section>\n\t\t\t\t<section class=\"elementor-section elementor-top-section elementor-element elementor-element-a765563 elementor-section-full_width elementor-section-height-default elementor-section-height-default\" data-id=\"a765563\" data-element_type=\"section\">\n\t\t\t\t\t\t<div class=\"elementor-container elementor-column-gap-default\">\n\t\t\t\t\t<div class=\"elementor-column elementor-col-100 elementor-top-column elementor-element elementor-element-9218c8c\" data-id=\"9218c8c\" data-element_type=\"column\">\n\t\t\t<div class=\"elementor-widget-wrap elementor-element-populated\">\n\t\t\t\t\t\t<div class=\"elementor-element elementor-element-3b533a1 elementor-widget elementor-widget-video\" data-id=\"3b533a1\" data-element_type=\"widget\" data-settings=\"{&quot;youtube_url&quot;:&quot;https:\\\/\\\/youtu.be\\\/06AgFDJlwAs&quot;,&quot;video_type&quot;:&quot;youtube&quot;}\" data-widget_type=\"video.default\">\n\t\t\t\t<div class=\"elementor-widget-container\">\n\t\t\t\t\t\t\t<div class=\"elementor-wrapper elementor-open-inline\">\n\t\t\t<div class=\"elementor-video\"><\/div>\t\t<\/div>\n\t\t\t\t\t\t<\/div>\n\t\t\t\t<\/div>\n\t\t\t\t\t<\/div>\n\t\t<\/div>\n\t\t\t\t\t<\/div>\n\t\t<\/section>\n\t\t\t\t<section class=\"elementor-section elementor-top-section elementor-element elementor-element-bbb2d05 elementor-section-full_width elementor-section-height-default elementor-section-height-default\" data-id=\"bbb2d05\" data-element_type=\"section\">\n\t\t\t\t\t\t<div class=\"elementor-container elementor-column-gap-default\">\n\t\t\t\t\t<div class=\"elementor-column elementor-col-100 elementor-top-column elementor-element elementor-element-6f91c4f\" data-id=\"6f91c4f\" data-element_type=\"column\">\n\t\t\t<div class=\"elementor-widget-wrap elementor-element-populated\">\n\t\t\t\t\t\t<div class=\"elementor-element elementor-element-7f744bb elementor-widget elementor-widget-heading\" data-id=\"7f744bb\" data-element_type=\"widget\" data-widget_type=\"heading.default\">\n\t\t\t\t<div class=\"elementor-widget-container\">\n\t\t\t\t\t<h2 class=\"elementor-heading-title elementor-size-default\">Si a\u00fan no has visto el video anterior te dejo el enlace aqu\u00ed<\/h2>\t\t\t\t<\/div>\n\t\t\t\t<\/div>\n\t\t\t\t\t<\/div>\n\t\t<\/div>\n\t\t\t\t\t<\/div>\n\t\t<\/section>\n\t\t\t\t<section class=\"elementor-section elementor-top-section elementor-element elementor-element-b4cd5d7 elementor-section-boxed elementor-section-height-default elementor-section-height-default\" data-id=\"b4cd5d7\" data-element_type=\"section\">\n\t\t\t\t\t\t<div class=\"elementor-container elementor-column-gap-default\">\n\t\t\t\t\t<div class=\"elementor-column elementor-col-50 elementor-top-column elementor-element elementor-element-626a319\" data-id=\"626a319\" data-element_type=\"column\">\n\t\t\t<div class=\"elementor-widget-wrap elementor-element-populated\">\n\t\t\t\t\t\t<div class=\"elementor-element elementor-element-9c5086e elementor-widget elementor-widget-image\" data-id=\"9c5086e\" data-element_type=\"widget\" data-widget_type=\"image.default\">\n\t\t\t\t<div class=\"elementor-widget-container\">\n\t\t\t\t\t\t\t\t\t\t\t\t\t\t\t\t<a href=\"https:\/\/www.tuexitoacademico.com\/blog\/emb1-variables\" target=\"_blank\">\n\t\t\t\t\t\t\t<img decoding=\"async\" width=\"1024\" height=\"576\" src=\"https:\/\/www.tuexitoacademico.com\/blog\/wp-content\/uploads\/2021\/01\/emb-variables-1024x576.png\" class=\"attachment-large size-large wp-image-837\" alt=\"variables-de-la-investigacion\" srcset=\"https:\/\/www.tuexitoacademico.com\/blog\/wp-content\/uploads\/2021\/01\/emb-variables-1024x576.png 1024w, https:\/\/www.tuexitoacademico.com\/blog\/wp-content\/uploads\/2021\/01\/emb-variables-300x169.png 300w, https:\/\/www.tuexitoacademico.com\/blog\/wp-content\/uploads\/2021\/01\/emb-variables-768x432.png 768w, https:\/\/www.tuexitoacademico.com\/blog\/wp-content\/uploads\/2021\/01\/emb-variables-1536x864.png 1536w, https:\/\/www.tuexitoacademico.com\/blog\/wp-content\/uploads\/2021\/01\/emb-variables.png 2000w\" sizes=\"(max-width: 1024px) 100vw, 1024px\" \/>\t\t\t\t\t\t\t\t<\/a>\n\t\t\t\t\t\t\t\t\t\t\t\t\t\t\t<\/div>\n\t\t\t\t<\/div>\n\t\t\t\t\t<\/div>\n\t\t<\/div>\n\t\t\t\t<div class=\"elementor-column elementor-col-50 elementor-top-column elementor-element elementor-element-1caafd9\" data-id=\"1caafd9\" data-element_type=\"column\">\n\t\t\t<div class=\"elementor-widget-wrap elementor-element-populated\">\n\t\t\t\t\t\t<div class=\"elementor-element elementor-element-c753cb7 elementor-widget elementor-widget-heading\" data-id=\"c753cb7\" data-element_type=\"widget\" data-widget_type=\"heading.default\">\n\t\t\t\t<div class=\"elementor-widget-container\">\n\t\t\t\t\t<p class=\"elementor-heading-title elementor-size-default\"><a href=\"https:\/\/www.tuexitoacademico.com\/blog\/emb1-variables\">Las Variables de la Investigaci\u00f3n<\/a><\/p>\t\t\t\t<\/div>\n\t\t\t\t<\/div>\n\t\t\t\t\t<\/div>\n\t\t<\/div>\n\t\t\t\t\t<\/div>\n\t\t<\/section>\n\t\t\t\t<\/div>\n\t\t","protected":false},"excerpt":{"rendered":"<p>\u00bfConoces las Normas APA? \u00bfSabes configurar el documento con el formato establecido por APA? En este v\u00eddeo LaProfe Esther junto a un miembro de su equipo te gu\u00edan paso a paso a configurar el documento https:\/\/youtu.be\/06AgFDJlwAs Si a\u00fan no has visto el video anterior te dejo el enlace aqu\u00ed Las Variables de la Investigaci\u00f3n<\/p>\n","protected":false},"author":1,"featured_media":0,"parent":0,"menu_order":0,"comment_status":"closed","ping_status":"closed","template":"","meta":{"footnotes":""},"class_list":["post-772","page","type-page","status-publish"],"yoast_head":"<!-- This site is optimized with the Yoast SEO plugin v26.9 - https:\/\/yoast.com\/product\/yoast-seo-wordpress\/ -->\n<title>Emb2-apa<\/title>\n<meta name=\"robots\" content=\"noindex, nofollow\" \/>\n<meta property=\"og:locale\" content=\"es_ES\" \/>\n<meta property=\"og:type\" content=\"article\" \/>\n<meta property=\"og:title\" content=\"Emb2-apa\" \/>\n<meta property=\"og:description\" content=\"\u00bfConoces las Normas APA? \u00bfSabes configurar el documento con el formato establecido por APA? En este v\u00eddeo LaProfe Esther junto a un miembro de su equipo te gu\u00edan paso a paso a configurar el documento https:\/\/youtu.be\/06AgFDJlwAs Si a\u00fan no has visto el video anterior te dejo el enlace aqu\u00ed Las Variables de la Investigaci\u00f3n\" \/>\n<meta property=\"og:url\" content=\"https:\/\/www.tuexitoacademico.com\/blog\/emb2-apa\/\" \/>\n<meta property=\"og:site_name\" content=\"TuExitoAcademico\" \/>\n<meta property=\"article:publisher\" content=\"https:\/\/www.facebook.com\/laprofemat\" \/>\n<meta property=\"article:modified_time\" content=\"2021-01-23T01:08:40+00:00\" \/>\n<meta property=\"og:image\" content=\"https:\/\/www.tuexitoacademico.com\/blog\/wp-content\/uploads\/2018\/07\/proyecto-de-investigacion-1024x75.png\" \/>\n<meta name=\"twitter:card\" content=\"summary_large_image\" \/>\n<script type=\"application\/ld+json\" class=\"yoast-schema-graph\">{\"@context\":\"https:\/\/schema.org\",\"@graph\":[{\"@type\":\"WebPage\",\"@id\":\"https:\/\/www.tuexitoacademico.com\/blog\/emb2-apa\/\",\"url\":\"https:\/\/www.tuexitoacademico.com\/blog\/emb2-apa\/\",\"name\":\"Emb2-apa\",\"isPartOf\":{\"@id\":\"https:\/\/www.tuexitoacademico.com\/blog\/#website\"},\"primaryImageOfPage\":{\"@id\":\"https:\/\/www.tuexitoacademico.com\/blog\/emb2-apa\/#primaryimage\"},\"image\":{\"@id\":\"https:\/\/www.tuexitoacademico.com\/blog\/emb2-apa\/#primaryimage\"},\"thumbnailUrl\":\"https:\/\/www.tuexitoacademico.com\/blog\/wp-content\/uploads\/2018\/07\/proyecto-de-investigacion-1024x75.png\",\"datePublished\":\"2021-01-04T18:18:34+00:00\",\"dateModified\":\"2021-01-23T01:08:40+00:00\",\"breadcrumb\":{\"@id\":\"https:\/\/www.tuexitoacademico.com\/blog\/emb2-apa\/#breadcrumb\"},\"inLanguage\":\"es\",\"potentialAction\":[{\"@type\":\"ReadAction\",\"target\":[\"https:\/\/www.tuexitoacademico.com\/blog\/emb2-apa\/\"]}]},{\"@type\":\"ImageObject\",\"inLanguage\":\"es\",\"@id\":\"https:\/\/www.tuexitoacademico.com\/blog\/emb2-apa\/#primaryimage\",\"url\":\"https:\/\/www.tuexitoacademico.com\/blog\/wp-content\/uploads\/2018\/07\/proyecto-de-investigacion.png\",\"contentUrl\":\"https:\/\/www.tuexitoacademico.com\/blog\/wp-content\/uploads\/2018\/07\/proyecto-de-investigacion.png\",\"width\":1920,\"height\":140,\"caption\":\"proyecto-de-investigacion\"},{\"@type\":\"BreadcrumbList\",\"@id\":\"https:\/\/www.tuexitoacademico.com\/blog\/emb2-apa\/#breadcrumb\",\"itemListElement\":[{\"@type\":\"ListItem\",\"position\":1,\"name\":\"Home\",\"item\":\"https:\/\/www.tuexitoacademico.com\/blog\/\"},{\"@type\":\"ListItem\",\"position\":2,\"name\":\"Emb2-apa\"}]},{\"@type\":\"WebSite\",\"@id\":\"https:\/\/www.tuexitoacademico.com\/blog\/#website\",\"url\":\"https:\/\/www.tuexitoacademico.com\/blog\/\",\"name\":\"TuExitoAcademico\",\"description\":\"Asesoria para trabajos de investigaci\u00f3n\",\"publisher\":{\"@id\":\"https:\/\/www.tuexitoacademico.com\/blog\/#organization\"},\"potentialAction\":[{\"@type\":\"SearchAction\",\"target\":{\"@type\":\"EntryPoint\",\"urlTemplate\":\"https:\/\/www.tuexitoacademico.com\/blog\/?s={search_term_string}\"},\"query-input\":{\"@type\":\"PropertyValueSpecification\",\"valueRequired\":true,\"valueName\":\"search_term_string\"}}],\"inLanguage\":\"es\"},{\"@type\":\"Organization\",\"@id\":\"https:\/\/www.tuexitoacademico.com\/blog\/#organization\",\"name\":\"TuExitoAcademico\",\"url\":\"https:\/\/www.tuexitoacademico.com\/blog\/\",\"logo\":{\"@type\":\"ImageObject\",\"inLanguage\":\"es\",\"@id\":\"https:\/\/www.tuexitoacademico.com\/blog\/#\/schema\/logo\/image\/\",\"url\":\"https:\/\/www.tuexitoacademico.com\/blog\/wp-content\/uploads\/2018\/07\/cropped-proyecto-de-investigacion.png\",\"contentUrl\":\"https:\/\/www.tuexitoacademico.com\/blog\/wp-content\/uploads\/2018\/07\/cropped-proyecto-de-investigacion.png\",\"width\":1920,\"height\":140,\"caption\":\"TuExitoAcademico\"},\"image\":{\"@id\":\"https:\/\/www.tuexitoacademico.com\/blog\/#\/schema\/logo\/image\/\"},\"sameAs\":[\"https:\/\/www.facebook.com\/laprofemat\"]}]}<\/script>\n<!-- \/ Yoast SEO plugin. -->","yoast_head_json":{"title":"Emb2-apa","robots":{"index":"noindex","follow":"nofollow"},"og_locale":"es_ES","og_type":"article","og_title":"Emb2-apa","og_description":"\u00bfConoces las Normas APA? \u00bfSabes configurar el documento con el formato establecido por APA? En este v\u00eddeo LaProfe Esther junto a un miembro de su equipo te gu\u00edan paso a paso a configurar el documento https:\/\/youtu.be\/06AgFDJlwAs Si a\u00fan no has visto el video anterior te dejo el enlace aqu\u00ed Las Variables de la Investigaci\u00f3n","og_url":"https:\/\/www.tuexitoacademico.com\/blog\/emb2-apa\/","og_site_name":"TuExitoAcademico","article_publisher":"https:\/\/www.facebook.com\/laprofemat","article_modified_time":"2021-01-23T01:08:40+00:00","og_image":[{"url":"https:\/\/www.tuexitoacademico.com\/blog\/wp-content\/uploads\/2018\/07\/proyecto-de-investigacion-1024x75.png","type":"","width":"","height":""}],"twitter_card":"summary_large_image","schema":{"@context":"https:\/\/schema.org","@graph":[{"@type":"WebPage","@id":"https:\/\/www.tuexitoacademico.com\/blog\/emb2-apa\/","url":"https:\/\/www.tuexitoacademico.com\/blog\/emb2-apa\/","name":"Emb2-apa","isPartOf":{"@id":"https:\/\/www.tuexitoacademico.com\/blog\/#website"},"primaryImageOfPage":{"@id":"https:\/\/www.tuexitoacademico.com\/blog\/emb2-apa\/#primaryimage"},"image":{"@id":"https:\/\/www.tuexitoacademico.com\/blog\/emb2-apa\/#primaryimage"},"thumbnailUrl":"https:\/\/www.tuexitoacademico.com\/blog\/wp-content\/uploads\/2018\/07\/proyecto-de-investigacion-1024x75.png","datePublished":"2021-01-04T18:18:34+00:00","dateModified":"2021-01-23T01:08:40+00:00","breadcrumb":{"@id":"https:\/\/www.tuexitoacademico.com\/blog\/emb2-apa\/#breadcrumb"},"inLanguage":"es","potentialAction":[{"@type":"ReadAction","target":["https:\/\/www.tuexitoacademico.com\/blog\/emb2-apa\/"]}]},{"@type":"ImageObject","inLanguage":"es","@id":"https:\/\/www.tuexitoacademico.com\/blog\/emb2-apa\/#primaryimage","url":"https:\/\/www.tuexitoacademico.com\/blog\/wp-content\/uploads\/2018\/07\/proyecto-de-investigacion.png","contentUrl":"https:\/\/www.tuexitoacademico.com\/blog\/wp-content\/uploads\/2018\/07\/proyecto-de-investigacion.png","width":1920,"height":140,"caption":"proyecto-de-investigacion"},{"@type":"BreadcrumbList","@id":"https:\/\/www.tuexitoacademico.com\/blog\/emb2-apa\/#breadcrumb","itemListElement":[{"@type":"ListItem","position":1,"name":"Home","item":"https:\/\/www.tuexitoacademico.com\/blog\/"},{"@type":"ListItem","position":2,"name":"Emb2-apa"}]},{"@type":"WebSite","@id":"https:\/\/www.tuexitoacademico.com\/blog\/#website","url":"https:\/\/www.tuexitoacademico.com\/blog\/","name":"TuExitoAcademico","description":"Asesoria para trabajos de investigaci\u00f3n","publisher":{"@id":"https:\/\/www.tuexitoacademico.com\/blog\/#organization"},"potentialAction":[{"@type":"SearchAction","target":{"@type":"EntryPoint","urlTemplate":"https:\/\/www.tuexitoacademico.com\/blog\/?s={search_term_string}"},"query-input":{"@type":"PropertyValueSpecification","valueRequired":true,"valueName":"search_term_string"}}],"inLanguage":"es"},{"@type":"Organization","@id":"https:\/\/www.tuexitoacademico.com\/blog\/#organization","name":"TuExitoAcademico","url":"https:\/\/www.tuexitoacademico.com\/blog\/","logo":{"@type":"ImageObject","inLanguage":"es","@id":"https:\/\/www.tuexitoacademico.com\/blog\/#\/schema\/logo\/image\/","url":"https:\/\/www.tuexitoacademico.com\/blog\/wp-content\/uploads\/2018\/07\/cropped-proyecto-de-investigacion.png","contentUrl":"https:\/\/www.tuexitoacademico.com\/blog\/wp-content\/uploads\/2018\/07\/cropped-proyecto-de-investigacion.png","width":1920,"height":140,"caption":"TuExitoAcademico"},"image":{"@id":"https:\/\/www.tuexitoacademico.com\/blog\/#\/schema\/logo\/image\/"},"sameAs":["https:\/\/www.facebook.com\/laprofemat"]}]}},"_links":{"self":[{"href":"https:\/\/www.tuexitoacademico.com\/blog\/wp-json\/wp\/v2\/pages\/772","targetHints":{"allow":["GET"]}}],"collection":[{"href":"https:\/\/www.tuexitoacademico.com\/blog\/wp-json\/wp\/v2\/pages"}],"about":[{"href":"https:\/\/www.tuexitoacademico.com\/blog\/wp-json\/wp\/v2\/types\/page"}],"author":[{"embeddable":true,"href":"https:\/\/www.tuexitoacademico.com\/blog\/wp-json\/wp\/v2\/users\/1"}],"replies":[{"embeddable":true,"href":"https:\/\/www.tuexitoacademico.com\/blog\/wp-json\/wp\/v2\/comments?post=772"}],"version-history":[{"count":11,"href":"https:\/\/www.tuexitoacademico.com\/blog\/wp-json\/wp\/v2\/pages\/772\/revisions"}],"predecessor-version":[{"id":847,"href":"https:\/\/www.tuexitoacademico.com\/blog\/wp-json\/wp\/v2\/pages\/772\/revisions\/847"}],"wp:attachment":[{"href":"https:\/\/www.tuexitoacademico.com\/blog\/wp-json\/wp\/v2\/media?parent=772"}],"curies":[{"name":"wp","href":"https:\/\/api.w.org\/{rel}","templated":true}]}}