{"id":778,"date":"2021-01-04T19:28:27","date_gmt":"2021-01-04T19:28:27","guid":{"rendered":"https:\/\/www.tuexitoacademico.com\/blog\/?page_id=778"},"modified":"2021-01-23T03:05:36","modified_gmt":"2021-01-23T03:05:36","slug":"emb4-operacionalizacion","status":"publish","type":"page","link":"https:\/\/www.tuexitoacademico.com\/blog\/emb4-operacionalizacion\/","title":{"rendered":"Emb4-operacionalizacion"},"content":{"rendered":"\t\t<div data-elementor-type=\"wp-page\" data-elementor-id=\"778\" class=\"elementor elementor-778\">\n\t\t\t\t\t\t<section class=\"elementor-section elementor-top-section elementor-element elementor-element-6723c410 elementor-section-full_width elementor-section-height-min-height elementor-section-height-default elementor-section-items-middle\" data-id=\"6723c410\" data-element_type=\"section\" data-settings=\"{&quot;background_background&quot;:&quot;classic&quot;}\">\n\t\t\t\t\t\t<div class=\"elementor-container elementor-column-gap-default\">\n\t\t\t\t\t<div class=\"elementor-column elementor-col-100 elementor-top-column elementor-element elementor-element-401c0541\" data-id=\"401c0541\" data-element_type=\"column\">\n\t\t\t<div class=\"elementor-widget-wrap elementor-element-populated\">\n\t\t\t\t\t\t<div class=\"elementor-element elementor-element-b12f7f3 elementor-widget elementor-widget-image\" data-id=\"b12f7f3\" data-element_type=\"widget\" data-widget_type=\"image.default\">\n\t\t\t\t<div class=\"elementor-widget-container\">\n\t\t\t\t\t\t\t\t\t\t\t\t\t\t\t\t<a href=\"https:\/\/www.tuexitoacademico.com\/blog\">\n\t\t\t\t\t\t\t<img fetchpriority=\"high\" decoding=\"async\" width=\"1024\" height=\"75\" src=\"https:\/\/www.tuexitoacademico.com\/blog\/wp-content\/uploads\/2018\/07\/proyecto-de-investigacion-1024x75.png\" class=\"attachment-large size-large wp-image-328\" alt=\"proyecto-de-investigacion\" srcset=\"https:\/\/www.tuexitoacademico.com\/blog\/wp-content\/uploads\/2018\/07\/proyecto-de-investigacion-1024x75.png 1024w, https:\/\/www.tuexitoacademico.com\/blog\/wp-content\/uploads\/2018\/07\/proyecto-de-investigacion-300x22.png 300w, https:\/\/www.tuexitoacademico.com\/blog\/wp-content\/uploads\/2018\/07\/proyecto-de-investigacion-768x56.png 768w, https:\/\/www.tuexitoacademico.com\/blog\/wp-content\/uploads\/2018\/07\/proyecto-de-investigacion.png 1920w\" sizes=\"(max-width: 1024px) 100vw, 1024px\" \/>\t\t\t\t\t\t\t\t<\/a>\n\t\t\t\t\t\t\t\t\t\t\t\t\t\t\t<\/div>\n\t\t\t\t<\/div>\n\t\t\t\t\t<\/div>\n\t\t<\/div>\n\t\t\t\t\t<\/div>\n\t\t<\/section>\n\t\t\t\t<section class=\"elementor-section elementor-top-section elementor-element elementor-element-fec1edf elementor-section-full_width elementor-section-height-min-height elementor-section-height-default elementor-section-items-middle\" data-id=\"fec1edf\" data-element_type=\"section\" data-settings=\"{&quot;background_background&quot;:&quot;classic&quot;}\">\n\t\t\t\t\t\t<div class=\"elementor-container elementor-column-gap-default\">\n\t\t\t\t\t<div class=\"elementor-column elementor-col-100 elementor-top-column elementor-element elementor-element-d21a41a\" data-id=\"d21a41a\" data-element_type=\"column\">\n\t\t\t<div class=\"elementor-widget-wrap elementor-element-populated\">\n\t\t\t\t\t\t<div class=\"elementor-element elementor-element-acc6dd5 elementor-widget elementor-widget-heading\" data-id=\"acc6dd5\" data-element_type=\"widget\" data-widget_type=\"heading.default\">\n\t\t\t\t<div class=\"elementor-widget-container\">\n\t\t\t\t\t<h2 class=\"elementor-heading-title elementor-size-default\">\u00bfPara qu\u00e9 se utiliza la tabla de<br> operacionalizaci\u00f3n de variable?<br>\u00bfC\u00f3mo construirla?<\/h2>\t\t\t\t<\/div>\n\t\t\t\t<\/div>\n\t\t\t\t\t<\/div>\n\t\t<\/div>\n\t\t\t\t\t<\/div>\n\t\t<\/section>\n\t\t\t\t<section class=\"elementor-section elementor-top-section elementor-element elementor-element-1e5b12e elementor-section-full_width elementor-section-height-min-height elementor-section-height-default elementor-section-items-middle\" data-id=\"1e5b12e\" data-element_type=\"section\" data-settings=\"{&quot;background_background&quot;:&quot;classic&quot;}\">\n\t\t\t\t\t\t<div class=\"elementor-container elementor-column-gap-default\">\n\t\t\t\t\t<div class=\"elementor-column elementor-col-100 elementor-top-column elementor-element elementor-element-4f1e850\" data-id=\"4f1e850\" data-element_type=\"column\">\n\t\t\t<div class=\"elementor-widget-wrap elementor-element-populated\">\n\t\t\t\t\t\t<div class=\"elementor-element elementor-element-b35dcbc elementor-widget elementor-widget-heading\" data-id=\"b35dcbc\" data-element_type=\"widget\" data-widget_type=\"heading.default\">\n\t\t\t\t<div class=\"elementor-widget-container\">\n\t\t\t\t\t<h2 class=\"elementor-heading-title elementor-size-default\">En este v\u00eddeo LaProfe Esther esplica la importancia de la tabla de operacionalizaci\u00f3n de variable y sus elementos.<\/h2>\t\t\t\t<\/div>\n\t\t\t\t<\/div>\n\t\t\t\t\t<\/div>\n\t\t<\/div>\n\t\t\t\t\t<\/div>\n\t\t<\/section>\n\t\t\t\t<section class=\"elementor-section elementor-top-section elementor-element elementor-element-a765563 elementor-section-full_width elementor-section-height-default elementor-section-height-default\" data-id=\"a765563\" data-element_type=\"section\">\n\t\t\t\t\t\t<div class=\"elementor-container elementor-column-gap-default\">\n\t\t\t\t\t<div class=\"elementor-column elementor-col-100 elementor-top-column elementor-element elementor-element-9218c8c\" data-id=\"9218c8c\" data-element_type=\"column\">\n\t\t\t<div class=\"elementor-widget-wrap elementor-element-populated\">\n\t\t\t\t\t\t<div class=\"elementor-element elementor-element-3b533a1 elementor-widget elementor-widget-video\" data-id=\"3b533a1\" data-element_type=\"widget\" data-settings=\"{&quot;youtube_url&quot;:&quot;https:\\\/\\\/youtu.be\\\/gSPYPPPaxl4&quot;,&quot;video_type&quot;:&quot;youtube&quot;}\" data-widget_type=\"video.default\">\n\t\t\t\t<div class=\"elementor-widget-container\">\n\t\t\t\t\t\t\t<div class=\"elementor-wrapper elementor-open-inline\">\n\t\t\t<div class=\"elementor-video\"><\/div>\t\t<\/div>\n\t\t\t\t\t\t<\/div>\n\t\t\t\t<\/div>\n\t\t\t\t\t<\/div>\n\t\t<\/div>\n\t\t\t\t\t<\/div>\n\t\t<\/section>\n\t\t\t\t<section class=\"elementor-section elementor-top-section elementor-element elementor-element-47aa1f03 elementor-section-boxed elementor-section-height-default elementor-section-height-default\" data-id=\"47aa1f03\" data-element_type=\"section\">\n\t\t\t\t\t\t<div class=\"elementor-container elementor-column-gap-default\">\n\t\t\t\t\t<div class=\"elementor-column elementor-col-50 elementor-top-column elementor-element elementor-element-594d6924\" data-id=\"594d6924\" data-element_type=\"column\">\n\t\t\t<div class=\"elementor-widget-wrap elementor-element-populated\">\n\t\t\t\t\t\t<div class=\"elementor-element elementor-element-4e283eee elementor-widget elementor-widget-image\" data-id=\"4e283eee\" data-element_type=\"widget\" data-widget_type=\"image.default\">\n\t\t\t\t<div class=\"elementor-widget-container\">\n\t\t\t\t\t\t\t\t\t\t\t\t\t\t\t\t<a href=\"https:\/\/www.tuexitoacademico.com\/blog\/emb1-variables\" target=\"_blank\">\n\t\t\t\t\t\t\t<img decoding=\"async\" width=\"1024\" height=\"576\" src=\"https:\/\/www.tuexitoacademico.com\/blog\/wp-content\/uploads\/2021\/01\/emb-variables-1024x576.png\" class=\"attachment-large size-large wp-image-837\" alt=\"variables-de-la-investigacion\" srcset=\"https:\/\/www.tuexitoacademico.com\/blog\/wp-content\/uploads\/2021\/01\/emb-variables-1024x576.png 1024w, https:\/\/www.tuexitoacademico.com\/blog\/wp-content\/uploads\/2021\/01\/emb-variables-300x169.png 300w, https:\/\/www.tuexitoacademico.com\/blog\/wp-content\/uploads\/2021\/01\/emb-variables-768x432.png 768w, https:\/\/www.tuexitoacademico.com\/blog\/wp-content\/uploads\/2021\/01\/emb-variables-1536x864.png 1536w, https:\/\/www.tuexitoacademico.com\/blog\/wp-content\/uploads\/2021\/01\/emb-variables.png 2000w\" sizes=\"(max-width: 1024px) 100vw, 1024px\" \/>\t\t\t\t\t\t\t\t<\/a>\n\t\t\t\t\t\t\t\t\t\t\t\t\t\t\t<\/div>\n\t\t\t\t<\/div>\n\t\t\t\t\t<\/div>\n\t\t<\/div>\n\t\t\t\t<div class=\"elementor-column elementor-col-50 elementor-top-column elementor-element elementor-element-327ba71e\" data-id=\"327ba71e\" data-element_type=\"column\">\n\t\t\t<div class=\"elementor-widget-wrap elementor-element-populated\">\n\t\t\t\t\t\t<div class=\"elementor-element elementor-element-58c07130 elementor-widget elementor-widget-heading\" data-id=\"58c07130\" data-element_type=\"widget\" data-widget_type=\"heading.default\">\n\t\t\t\t<div class=\"elementor-widget-container\">\n\t\t\t\t\t<p class=\"elementor-heading-title elementor-size-default\"><a href=\"https:\/\/www.tuexitoacademico.com\/blog\/emb1-variables\" target=\"_blank\">Las Variables de la Investigaci\u00f3n<\/a><\/p>\t\t\t\t<\/div>\n\t\t\t\t<\/div>\n\t\t\t\t\t<\/div>\n\t\t<\/div>\n\t\t\t\t\t<\/div>\n\t\t<\/section>\n\t\t\t\t<section class=\"elementor-section elementor-top-section elementor-element elementor-element-a83c245 elementor-section-boxed elementor-section-height-default elementor-section-height-default\" data-id=\"a83c245\" data-element_type=\"section\">\n\t\t\t\t\t\t<div class=\"elementor-container elementor-column-gap-default\">\n\t\t\t\t\t<div class=\"elementor-column elementor-col-50 elementor-top-column elementor-element elementor-element-4dd659f\" data-id=\"4dd659f\" data-element_type=\"column\">\n\t\t\t<div class=\"elementor-widget-wrap elementor-element-populated\">\n\t\t\t\t\t\t<div class=\"elementor-element elementor-element-041707c elementor-widget elementor-widget-image\" data-id=\"041707c\" data-element_type=\"widget\" data-widget_type=\"image.default\">\n\t\t\t\t<div class=\"elementor-widget-container\">\n\t\t\t\t\t\t\t\t\t\t\t\t\t\t\t\t<a href=\"https:\/\/www.tuexitoacademico.com\/blog\/emb2-apa\" target=\"_blank\">\n\t\t\t\t\t\t\t<img decoding=\"async\" width=\"1024\" height=\"576\" src=\"https:\/\/www.tuexitoacademico.com\/blog\/wp-content\/uploads\/2021\/01\/apa-1024x576.png\" class=\"attachment-large size-large wp-image-852\" alt=\"normas-apa\" srcset=\"https:\/\/www.tuexitoacademico.com\/blog\/wp-content\/uploads\/2021\/01\/apa-1024x576.png 1024w, https:\/\/www.tuexitoacademico.com\/blog\/wp-content\/uploads\/2021\/01\/apa-300x169.png 300w, https:\/\/www.tuexitoacademico.com\/blog\/wp-content\/uploads\/2021\/01\/apa-768x432.png 768w, https:\/\/www.tuexitoacademico.com\/blog\/wp-content\/uploads\/2021\/01\/apa-1536x864.png 1536w, https:\/\/www.tuexitoacademico.com\/blog\/wp-content\/uploads\/2021\/01\/apa.png 2000w\" sizes=\"(max-width: 1024px) 100vw, 1024px\" \/>\t\t\t\t\t\t\t\t<\/a>\n\t\t\t\t\t\t\t\t\t\t\t\t\t\t\t<\/div>\n\t\t\t\t<\/div>\n\t\t\t\t\t<\/div>\n\t\t<\/div>\n\t\t\t\t<div class=\"elementor-column elementor-col-50 elementor-top-column elementor-element elementor-element-a6c02bd\" data-id=\"a6c02bd\" data-element_type=\"column\">\n\t\t\t<div class=\"elementor-widget-wrap elementor-element-populated\">\n\t\t\t\t\t\t<div class=\"elementor-element elementor-element-8dc5765 elementor-widget elementor-widget-heading\" data-id=\"8dc5765\" data-element_type=\"widget\" data-widget_type=\"heading.default\">\n\t\t\t\t<div class=\"elementor-widget-container\">\n\t\t\t\t\t<p class=\"elementor-heading-title elementor-size-default\"><a href=\"https:\/\/www.tuexitoacademico.com\/blog\/emb2-apa\" target=\"_blank\">Las Normas APA<\/a><\/p>\t\t\t\t<\/div>\n\t\t\t\t<\/div>\n\t\t\t\t\t<\/div>\n\t\t<\/div>\n\t\t\t\t\t<\/div>\n\t\t<\/section>\n\t\t\t\t<section class=\"elementor-section elementor-top-section elementor-element elementor-element-7faf792 elementor-section-boxed elementor-section-height-default elementor-section-height-default\" data-id=\"7faf792\" data-element_type=\"section\">\n\t\t\t\t\t\t<div class=\"elementor-container elementor-column-gap-default\">\n\t\t\t\t\t<div class=\"elementor-column elementor-col-50 elementor-top-column elementor-element elementor-element-56da7a9\" data-id=\"56da7a9\" data-element_type=\"column\">\n\t\t\t<div class=\"elementor-widget-wrap elementor-element-populated\">\n\t\t\t\t\t\t<div class=\"elementor-element elementor-element-d66c6bf elementor-widget elementor-widget-image\" data-id=\"d66c6bf\" data-element_type=\"widget\" data-widget_type=\"image.default\">\n\t\t\t\t<div class=\"elementor-widget-container\">\n\t\t\t\t\t\t\t\t\t\t\t\t\t\t\t\t<a href=\"https:\/\/www.tuexitoacademico.com\/blog\/emb3-objetivos\" target=\"_blank\">\n\t\t\t\t\t\t\t<img loading=\"lazy\" decoding=\"async\" width=\"1024\" height=\"576\" src=\"https:\/\/www.tuexitoacademico.com\/blog\/wp-content\/uploads\/2021\/01\/objetivos-1024x576.png\" class=\"attachment-large size-large wp-image-867\" alt=\"objetivos-de-la-investigacion\" srcset=\"https:\/\/www.tuexitoacademico.com\/blog\/wp-content\/uploads\/2021\/01\/objetivos-1024x576.png 1024w, https:\/\/www.tuexitoacademico.com\/blog\/wp-content\/uploads\/2021\/01\/objetivos-300x169.png 300w, https:\/\/www.tuexitoacademico.com\/blog\/wp-content\/uploads\/2021\/01\/objetivos-768x432.png 768w, https:\/\/www.tuexitoacademico.com\/blog\/wp-content\/uploads\/2021\/01\/objetivos-1536x864.png 1536w, https:\/\/www.tuexitoacademico.com\/blog\/wp-content\/uploads\/2021\/01\/objetivos.png 2000w\" sizes=\"(max-width: 1024px) 100vw, 1024px\" \/>\t\t\t\t\t\t\t\t<\/a>\n\t\t\t\t\t\t\t\t\t\t\t\t\t\t\t<\/div>\n\t\t\t\t<\/div>\n\t\t\t\t\t<\/div>\n\t\t<\/div>\n\t\t\t\t<div class=\"elementor-column elementor-col-50 elementor-top-column elementor-element elementor-element-f4a5d8e\" data-id=\"f4a5d8e\" data-element_type=\"column\">\n\t\t\t<div class=\"elementor-widget-wrap elementor-element-populated\">\n\t\t\t\t\t\t<div class=\"elementor-element elementor-element-f572bfa elementor-widget elementor-widget-heading\" data-id=\"f572bfa\" data-element_type=\"widget\" data-widget_type=\"heading.default\">\n\t\t\t\t<div class=\"elementor-widget-container\">\n\t\t\t\t\t<p class=\"elementor-heading-title elementor-size-default\"><a href=\"https:\/\/www.tuexitoacademico.com\/blog\/emb3-objetivos\" target=\"_blank\">Objetivos de la Investigaci\u00f3n<\/a><\/p>\t\t\t\t<\/div>\n\t\t\t\t<\/div>\n\t\t\t\t\t<\/div>\n\t\t<\/div>\n\t\t\t\t\t<\/div>\n\t\t<\/section>\n\t\t\t\t<\/div>\n\t\t","protected":false},"excerpt":{"rendered":"<p>\u00bfPara qu\u00e9 se utiliza la tabla de operacionalizaci\u00f3n de variable? \u00bfC\u00f3mo construirla? En este v\u00eddeo LaProfe Esther esplica la importancia de la tabla de operacionalizaci\u00f3n de variable y sus elementos. Las Variables de la Investigaci\u00f3n Las Normas APA Objetivos de la Investigaci\u00f3n<\/p>\n","protected":false},"author":1,"featured_media":0,"parent":0,"menu_order":0,"comment_status":"closed","ping_status":"closed","template":"","meta":{"footnotes":""},"class_list":["post-778","page","type-page","status-publish"],"yoast_head":"<!-- This site is optimized with the Yoast SEO plugin v26.9 - https:\/\/yoast.com\/product\/yoast-seo-wordpress\/ -->\n<title>Emb4-operacionalizacion<\/title>\n<meta name=\"robots\" content=\"noindex, nofollow\" \/>\n<meta property=\"og:locale\" content=\"es_ES\" \/>\n<meta property=\"og:type\" content=\"article\" \/>\n<meta property=\"og:title\" content=\"Emb4-operacionalizacion\" \/>\n<meta property=\"og:description\" content=\"\u00bfPara qu\u00e9 se utiliza la tabla de operacionalizaci\u00f3n de variable? \u00bfC\u00f3mo construirla? En este v\u00eddeo LaProfe Esther esplica la importancia de la tabla de operacionalizaci\u00f3n de variable y sus elementos. Las Variables de la Investigaci\u00f3n Las Normas APA Objetivos de la Investigaci\u00f3n\" \/>\n<meta property=\"og:url\" content=\"https:\/\/www.tuexitoacademico.com\/blog\/emb4-operacionalizacion\/\" \/>\n<meta property=\"og:site_name\" content=\"TuExitoAcademico\" \/>\n<meta property=\"article:publisher\" content=\"https:\/\/www.facebook.com\/laprofemat\" \/>\n<meta property=\"article:modified_time\" content=\"2021-01-23T03:05:36+00:00\" \/>\n<meta property=\"og:image\" content=\"https:\/\/www.tuexitoacademico.com\/blog\/wp-content\/uploads\/2018\/07\/proyecto-de-investigacion-1024x75.png\" \/>\n<meta name=\"twitter:card\" content=\"summary_large_image\" \/>\n<script type=\"application\/ld+json\" class=\"yoast-schema-graph\">{\"@context\":\"https:\/\/schema.org\",\"@graph\":[{\"@type\":\"WebPage\",\"@id\":\"https:\/\/www.tuexitoacademico.com\/blog\/emb4-operacionalizacion\/\",\"url\":\"https:\/\/www.tuexitoacademico.com\/blog\/emb4-operacionalizacion\/\",\"name\":\"Emb4-operacionalizacion\",\"isPartOf\":{\"@id\":\"https:\/\/www.tuexitoacademico.com\/blog\/#website\"},\"primaryImageOfPage\":{\"@id\":\"https:\/\/www.tuexitoacademico.com\/blog\/emb4-operacionalizacion\/#primaryimage\"},\"image\":{\"@id\":\"https:\/\/www.tuexitoacademico.com\/blog\/emb4-operacionalizacion\/#primaryimage\"},\"thumbnailUrl\":\"https:\/\/www.tuexitoacademico.com\/blog\/wp-content\/uploads\/2018\/07\/proyecto-de-investigacion-1024x75.png\",\"datePublished\":\"2021-01-04T19:28:27+00:00\",\"dateModified\":\"2021-01-23T03:05:36+00:00\",\"breadcrumb\":{\"@id\":\"https:\/\/www.tuexitoacademico.com\/blog\/emb4-operacionalizacion\/#breadcrumb\"},\"inLanguage\":\"es\",\"potentialAction\":[{\"@type\":\"ReadAction\",\"target\":[\"https:\/\/www.tuexitoacademico.com\/blog\/emb4-operacionalizacion\/\"]}]},{\"@type\":\"ImageObject\",\"inLanguage\":\"es\",\"@id\":\"https:\/\/www.tuexitoacademico.com\/blog\/emb4-operacionalizacion\/#primaryimage\",\"url\":\"https:\/\/www.tuexitoacademico.com\/blog\/wp-content\/uploads\/2018\/07\/proyecto-de-investigacion.png\",\"contentUrl\":\"https:\/\/www.tuexitoacademico.com\/blog\/wp-content\/uploads\/2018\/07\/proyecto-de-investigacion.png\",\"width\":1920,\"height\":140,\"caption\":\"proyecto-de-investigacion\"},{\"@type\":\"BreadcrumbList\",\"@id\":\"https:\/\/www.tuexitoacademico.com\/blog\/emb4-operacionalizacion\/#breadcrumb\",\"itemListElement\":[{\"@type\":\"ListItem\",\"position\":1,\"name\":\"Home\",\"item\":\"https:\/\/www.tuexitoacademico.com\/blog\/\"},{\"@type\":\"ListItem\",\"position\":2,\"name\":\"Emb4-operacionalizacion\"}]},{\"@type\":\"WebSite\",\"@id\":\"https:\/\/www.tuexitoacademico.com\/blog\/#website\",\"url\":\"https:\/\/www.tuexitoacademico.com\/blog\/\",\"name\":\"TuExitoAcademico\",\"description\":\"Asesoria para trabajos de investigaci\u00f3n\",\"publisher\":{\"@id\":\"https:\/\/www.tuexitoacademico.com\/blog\/#organization\"},\"potentialAction\":[{\"@type\":\"SearchAction\",\"target\":{\"@type\":\"EntryPoint\",\"urlTemplate\":\"https:\/\/www.tuexitoacademico.com\/blog\/?s={search_term_string}\"},\"query-input\":{\"@type\":\"PropertyValueSpecification\",\"valueRequired\":true,\"valueName\":\"search_term_string\"}}],\"inLanguage\":\"es\"},{\"@type\":\"Organization\",\"@id\":\"https:\/\/www.tuexitoacademico.com\/blog\/#organization\",\"name\":\"TuExitoAcademico\",\"url\":\"https:\/\/www.tuexitoacademico.com\/blog\/\",\"logo\":{\"@type\":\"ImageObject\",\"inLanguage\":\"es\",\"@id\":\"https:\/\/www.tuexitoacademico.com\/blog\/#\/schema\/logo\/image\/\",\"url\":\"https:\/\/www.tuexitoacademico.com\/blog\/wp-content\/uploads\/2018\/07\/cropped-proyecto-de-investigacion.png\",\"contentUrl\":\"https:\/\/www.tuexitoacademico.com\/blog\/wp-content\/uploads\/2018\/07\/cropped-proyecto-de-investigacion.png\",\"width\":1920,\"height\":140,\"caption\":\"TuExitoAcademico\"},\"image\":{\"@id\":\"https:\/\/www.tuexitoacademico.com\/blog\/#\/schema\/logo\/image\/\"},\"sameAs\":[\"https:\/\/www.facebook.com\/laprofemat\"]}]}<\/script>\n<!-- \/ Yoast SEO plugin. -->","yoast_head_json":{"title":"Emb4-operacionalizacion","robots":{"index":"noindex","follow":"nofollow"},"og_locale":"es_ES","og_type":"article","og_title":"Emb4-operacionalizacion","og_description":"\u00bfPara qu\u00e9 se utiliza la tabla de operacionalizaci\u00f3n de variable? \u00bfC\u00f3mo construirla? En este v\u00eddeo LaProfe Esther esplica la importancia de la tabla de operacionalizaci\u00f3n de variable y sus elementos. Las Variables de la Investigaci\u00f3n Las Normas APA Objetivos de la Investigaci\u00f3n","og_url":"https:\/\/www.tuexitoacademico.com\/blog\/emb4-operacionalizacion\/","og_site_name":"TuExitoAcademico","article_publisher":"https:\/\/www.facebook.com\/laprofemat","article_modified_time":"2021-01-23T03:05:36+00:00","og_image":[{"url":"https:\/\/www.tuexitoacademico.com\/blog\/wp-content\/uploads\/2018\/07\/proyecto-de-investigacion-1024x75.png","type":"","width":"","height":""}],"twitter_card":"summary_large_image","schema":{"@context":"https:\/\/schema.org","@graph":[{"@type":"WebPage","@id":"https:\/\/www.tuexitoacademico.com\/blog\/emb4-operacionalizacion\/","url":"https:\/\/www.tuexitoacademico.com\/blog\/emb4-operacionalizacion\/","name":"Emb4-operacionalizacion","isPartOf":{"@id":"https:\/\/www.tuexitoacademico.com\/blog\/#website"},"primaryImageOfPage":{"@id":"https:\/\/www.tuexitoacademico.com\/blog\/emb4-operacionalizacion\/#primaryimage"},"image":{"@id":"https:\/\/www.tuexitoacademico.com\/blog\/emb4-operacionalizacion\/#primaryimage"},"thumbnailUrl":"https:\/\/www.tuexitoacademico.com\/blog\/wp-content\/uploads\/2018\/07\/proyecto-de-investigacion-1024x75.png","datePublished":"2021-01-04T19:28:27+00:00","dateModified":"2021-01-23T03:05:36+00:00","breadcrumb":{"@id":"https:\/\/www.tuexitoacademico.com\/blog\/emb4-operacionalizacion\/#breadcrumb"},"inLanguage":"es","potentialAction":[{"@type":"ReadAction","target":["https:\/\/www.tuexitoacademico.com\/blog\/emb4-operacionalizacion\/"]}]},{"@type":"ImageObject","inLanguage":"es","@id":"https:\/\/www.tuexitoacademico.com\/blog\/emb4-operacionalizacion\/#primaryimage","url":"https:\/\/www.tuexitoacademico.com\/blog\/wp-content\/uploads\/2018\/07\/proyecto-de-investigacion.png","contentUrl":"https:\/\/www.tuexitoacademico.com\/blog\/wp-content\/uploads\/2018\/07\/proyecto-de-investigacion.png","width":1920,"height":140,"caption":"proyecto-de-investigacion"},{"@type":"BreadcrumbList","@id":"https:\/\/www.tuexitoacademico.com\/blog\/emb4-operacionalizacion\/#breadcrumb","itemListElement":[{"@type":"ListItem","position":1,"name":"Home","item":"https:\/\/www.tuexitoacademico.com\/blog\/"},{"@type":"ListItem","position":2,"name":"Emb4-operacionalizacion"}]},{"@type":"WebSite","@id":"https:\/\/www.tuexitoacademico.com\/blog\/#website","url":"https:\/\/www.tuexitoacademico.com\/blog\/","name":"TuExitoAcademico","description":"Asesoria para trabajos de investigaci\u00f3n","publisher":{"@id":"https:\/\/www.tuexitoacademico.com\/blog\/#organization"},"potentialAction":[{"@type":"SearchAction","target":{"@type":"EntryPoint","urlTemplate":"https:\/\/www.tuexitoacademico.com\/blog\/?s={search_term_string}"},"query-input":{"@type":"PropertyValueSpecification","valueRequired":true,"valueName":"search_term_string"}}],"inLanguage":"es"},{"@type":"Organization","@id":"https:\/\/www.tuexitoacademico.com\/blog\/#organization","name":"TuExitoAcademico","url":"https:\/\/www.tuexitoacademico.com\/blog\/","logo":{"@type":"ImageObject","inLanguage":"es","@id":"https:\/\/www.tuexitoacademico.com\/blog\/#\/schema\/logo\/image\/","url":"https:\/\/www.tuexitoacademico.com\/blog\/wp-content\/uploads\/2018\/07\/cropped-proyecto-de-investigacion.png","contentUrl":"https:\/\/www.tuexitoacademico.com\/blog\/wp-content\/uploads\/2018\/07\/cropped-proyecto-de-investigacion.png","width":1920,"height":140,"caption":"TuExitoAcademico"},"image":{"@id":"https:\/\/www.tuexitoacademico.com\/blog\/#\/schema\/logo\/image\/"},"sameAs":["https:\/\/www.facebook.com\/laprofemat"]}]}},"_links":{"self":[{"href":"https:\/\/www.tuexitoacademico.com\/blog\/wp-json\/wp\/v2\/pages\/778","targetHints":{"allow":["GET"]}}],"collection":[{"href":"https:\/\/www.tuexitoacademico.com\/blog\/wp-json\/wp\/v2\/pages"}],"about":[{"href":"https:\/\/www.tuexitoacademico.com\/blog\/wp-json\/wp\/v2\/types\/page"}],"author":[{"embeddable":true,"href":"https:\/\/www.tuexitoacademico.com\/blog\/wp-json\/wp\/v2\/users\/1"}],"replies":[{"embeddable":true,"href":"https:\/\/www.tuexitoacademico.com\/blog\/wp-json\/wp\/v2\/comments?post=778"}],"version-history":[{"count":11,"href":"https:\/\/www.tuexitoacademico.com\/blog\/wp-json\/wp\/v2\/pages\/778\/revisions"}],"predecessor-version":[{"id":879,"href":"https:\/\/www.tuexitoacademico.com\/blog\/wp-json\/wp\/v2\/pages\/778\/revisions\/879"}],"wp:attachment":[{"href":"https:\/\/www.tuexitoacademico.com\/blog\/wp-json\/wp\/v2\/media?parent=778"}],"curies":[{"name":"wp","href":"https:\/\/api.w.org\/{rel}","templated":true}]}}