{"id":791,"date":"2021-01-04T20:29:37","date_gmt":"2021-01-04T20:29:37","guid":{"rendered":"https:\/\/www.tuexitoacademico.com\/blog\/?page_id=791"},"modified":"2021-02-23T20:58:47","modified_gmt":"2021-02-23T20:58:47","slug":"emb5-titulos","status":"publish","type":"page","link":"https:\/\/www.tuexitoacademico.com\/blog\/emb5-titulos\/","title":{"rendered":"Emb5-titulos"},"content":{"rendered":"\t\t<div data-elementor-type=\"wp-page\" data-elementor-id=\"791\" class=\"elementor elementor-791\">\n\t\t\t\t\t\t<section class=\"elementor-section elementor-top-section elementor-element elementor-element-6723c410 elementor-section-full_width elementor-section-height-min-height elementor-section-height-default elementor-section-items-middle\" data-id=\"6723c410\" data-element_type=\"section\" data-settings=\"{&quot;background_background&quot;:&quot;classic&quot;}\">\n\t\t\t\t\t\t<div class=\"elementor-container elementor-column-gap-default\">\n\t\t\t\t\t<div class=\"elementor-column elementor-col-100 elementor-top-column elementor-element elementor-element-401c0541\" data-id=\"401c0541\" data-element_type=\"column\">\n\t\t\t<div class=\"elementor-widget-wrap elementor-element-populated\">\n\t\t\t\t\t\t<div class=\"elementor-element elementor-element-b12f7f3 elementor-widget elementor-widget-image\" data-id=\"b12f7f3\" data-element_type=\"widget\" data-widget_type=\"image.default\">\n\t\t\t\t<div class=\"elementor-widget-container\">\n\t\t\t\t\t\t\t\t\t\t\t\t\t\t\t\t<a href=\"https:\/\/www.tuexitoacademico.com\/blog\">\n\t\t\t\t\t\t\t<img fetchpriority=\"high\" decoding=\"async\" width=\"1024\" height=\"75\" src=\"https:\/\/www.tuexitoacademico.com\/blog\/wp-content\/uploads\/2018\/07\/proyecto-de-investigacion-1024x75.png\" class=\"attachment-large size-large wp-image-328\" alt=\"proyecto-de-investigacion\" srcset=\"https:\/\/www.tuexitoacademico.com\/blog\/wp-content\/uploads\/2018\/07\/proyecto-de-investigacion-1024x75.png 1024w, https:\/\/www.tuexitoacademico.com\/blog\/wp-content\/uploads\/2018\/07\/proyecto-de-investigacion-300x22.png 300w, https:\/\/www.tuexitoacademico.com\/blog\/wp-content\/uploads\/2018\/07\/proyecto-de-investigacion-768x56.png 768w, https:\/\/www.tuexitoacademico.com\/blog\/wp-content\/uploads\/2018\/07\/proyecto-de-investigacion.png 1920w\" sizes=\"(max-width: 1024px) 100vw, 1024px\" \/>\t\t\t\t\t\t\t\t<\/a>\n\t\t\t\t\t\t\t\t\t\t\t\t\t\t\t<\/div>\n\t\t\t\t<\/div>\n\t\t\t\t\t<\/div>\n\t\t<\/div>\n\t\t\t\t\t<\/div>\n\t\t<\/section>\n\t\t\t\t<section class=\"elementor-section elementor-top-section elementor-element elementor-element-fec1edf elementor-section-full_width elementor-section-height-min-height elementor-section-height-default elementor-section-items-middle\" data-id=\"fec1edf\" data-element_type=\"section\" data-settings=\"{&quot;background_background&quot;:&quot;classic&quot;}\">\n\t\t\t\t\t\t<div class=\"elementor-container elementor-column-gap-default\">\n\t\t\t\t\t<div class=\"elementor-column elementor-col-100 elementor-top-column elementor-element elementor-element-d21a41a\" data-id=\"d21a41a\" data-element_type=\"column\">\n\t\t\t<div class=\"elementor-widget-wrap elementor-element-populated\">\n\t\t\t\t\t\t<div class=\"elementor-element elementor-element-acc6dd5 elementor-widget elementor-widget-heading\" data-id=\"acc6dd5\" data-element_type=\"widget\" data-widget_type=\"heading.default\">\n\t\t\t\t<div class=\"elementor-widget-container\">\n\t\t\t\t\t<h2 class=\"elementor-heading-title elementor-size-default\">\u00bfSabes cu\u00e1l es la forma correcta de configurar los t\u00edtulos del trabajo de investigaci\u00f3n?<\/h2>\t\t\t\t<\/div>\n\t\t\t\t<\/div>\n\t\t\t\t\t<\/div>\n\t\t<\/div>\n\t\t\t\t\t<\/div>\n\t\t<\/section>\n\t\t\t\t<section class=\"elementor-section elementor-top-section elementor-element elementor-element-1e5b12e elementor-section-full_width elementor-section-height-min-height elementor-section-height-default elementor-section-items-middle\" data-id=\"1e5b12e\" data-element_type=\"section\" data-settings=\"{&quot;background_background&quot;:&quot;classic&quot;}\">\n\t\t\t\t\t\t<div class=\"elementor-container elementor-column-gap-default\">\n\t\t\t\t\t<div class=\"elementor-column elementor-col-100 elementor-top-column elementor-element elementor-element-4f1e850\" data-id=\"4f1e850\" data-element_type=\"column\">\n\t\t\t<div class=\"elementor-widget-wrap elementor-element-populated\">\n\t\t\t\t\t\t<div class=\"elementor-element elementor-element-b35dcbc elementor-widget elementor-widget-heading\" data-id=\"b35dcbc\" data-element_type=\"widget\" data-widget_type=\"heading.default\">\n\t\t\t\t<div class=\"elementor-widget-container\">\n\t\t\t\t\t<h2 class=\"elementor-heading-title elementor-size-default\">En este v\u00eddeo Dayana Salas te muestra lo f\u00e1cil que es tener configurado el documento desde el inicio<\/h2>\t\t\t\t<\/div>\n\t\t\t\t<\/div>\n\t\t\t\t\t<\/div>\n\t\t<\/div>\n\t\t\t\t\t<\/div>\n\t\t<\/section>\n\t\t\t\t<section class=\"elementor-section elementor-top-section elementor-element elementor-element-a765563 elementor-section-full_width elementor-section-height-default elementor-section-height-default\" data-id=\"a765563\" data-element_type=\"section\">\n\t\t\t\t\t\t<div class=\"elementor-container elementor-column-gap-default\">\n\t\t\t\t\t<div class=\"elementor-column elementor-col-100 elementor-top-column elementor-element elementor-element-9218c8c\" data-id=\"9218c8c\" data-element_type=\"column\">\n\t\t\t<div class=\"elementor-widget-wrap elementor-element-populated\">\n\t\t\t\t\t\t<div class=\"elementor-element elementor-element-3b533a1 elementor-widget elementor-widget-video\" data-id=\"3b533a1\" data-element_type=\"widget\" data-settings=\"{&quot;youtube_url&quot;:&quot;https:\\\/\\\/youtu.be\\\/2cqaBzPeeZ4&quot;,&quot;video_type&quot;:&quot;youtube&quot;}\" data-widget_type=\"video.default\">\n\t\t\t\t<div class=\"elementor-widget-container\">\n\t\t\t\t\t\t\t<div class=\"elementor-wrapper elementor-open-inline\">\n\t\t\t<div class=\"elementor-video\"><\/div>\t\t<\/div>\n\t\t\t\t\t\t<\/div>\n\t\t\t\t<\/div>\n\t\t\t\t\t<\/div>\n\t\t<\/div>\n\t\t\t\t\t<\/div>\n\t\t<\/section>\n\t\t\t\t<section class=\"elementor-section elementor-top-section elementor-element elementor-element-1a0046c8 elementor-section-boxed elementor-section-height-default elementor-section-height-default\" data-id=\"1a0046c8\" data-element_type=\"section\">\n\t\t\t\t\t\t<div class=\"elementor-container elementor-column-gap-default\">\n\t\t\t\t\t<div class=\"elementor-column elementor-col-50 elementor-top-column elementor-element elementor-element-23b42642\" data-id=\"23b42642\" data-element_type=\"column\">\n\t\t\t<div class=\"elementor-widget-wrap elementor-element-populated\">\n\t\t\t\t\t\t<div class=\"elementor-element elementor-element-210603fe elementor-widget elementor-widget-image\" data-id=\"210603fe\" data-element_type=\"widget\" data-widget_type=\"image.default\">\n\t\t\t\t<div class=\"elementor-widget-container\">\n\t\t\t\t\t\t\t\t\t\t\t\t\t\t\t\t<a href=\"https:\/\/www.tuexitoacademico.com\/blog\/emb1-variables\" target=\"_blank\">\n\t\t\t\t\t\t\t<img decoding=\"async\" width=\"1024\" height=\"576\" src=\"https:\/\/www.tuexitoacademico.com\/blog\/wp-content\/uploads\/2021\/01\/emb-variables-1024x576.png\" class=\"attachment-large size-large wp-image-837\" alt=\"variables-de-la-investigacion\" srcset=\"https:\/\/www.tuexitoacademico.com\/blog\/wp-content\/uploads\/2021\/01\/emb-variables-1024x576.png 1024w, https:\/\/www.tuexitoacademico.com\/blog\/wp-content\/uploads\/2021\/01\/emb-variables-300x169.png 300w, https:\/\/www.tuexitoacademico.com\/blog\/wp-content\/uploads\/2021\/01\/emb-variables-768x432.png 768w, https:\/\/www.tuexitoacademico.com\/blog\/wp-content\/uploads\/2021\/01\/emb-variables-1536x864.png 1536w, https:\/\/www.tuexitoacademico.com\/blog\/wp-content\/uploads\/2021\/01\/emb-variables.png 2000w\" sizes=\"(max-width: 1024px) 100vw, 1024px\" \/>\t\t\t\t\t\t\t\t<\/a>\n\t\t\t\t\t\t\t\t\t\t\t\t\t\t\t<\/div>\n\t\t\t\t<\/div>\n\t\t\t\t\t<\/div>\n\t\t<\/div>\n\t\t\t\t<div class=\"elementor-column elementor-col-50 elementor-top-column elementor-element elementor-element-6b4ad150\" data-id=\"6b4ad150\" data-element_type=\"column\">\n\t\t\t<div class=\"elementor-widget-wrap elementor-element-populated\">\n\t\t\t\t\t\t<div class=\"elementor-element elementor-element-584c4e2 elementor-widget elementor-widget-heading\" data-id=\"584c4e2\" data-element_type=\"widget\" data-widget_type=\"heading.default\">\n\t\t\t\t<div class=\"elementor-widget-container\">\n\t\t\t\t\t<p class=\"elementor-heading-title elementor-size-default\"><a href=\"https:\/\/www.tuexitoacademico.com\/blog\/emb1-variables\" target=\"_blank\">Las Variables de la Investigaci\u00f3n<\/a><\/p>\t\t\t\t<\/div>\n\t\t\t\t<\/div>\n\t\t\t\t\t<\/div>\n\t\t<\/div>\n\t\t\t\t\t<\/div>\n\t\t<\/section>\n\t\t\t\t<section class=\"elementor-section elementor-top-section elementor-element elementor-element-5f7d66b5 elementor-section-boxed elementor-section-height-default elementor-section-height-default\" data-id=\"5f7d66b5\" data-element_type=\"section\">\n\t\t\t\t\t\t<div class=\"elementor-container elementor-column-gap-default\">\n\t\t\t\t\t<div class=\"elementor-column elementor-col-50 elementor-top-column elementor-element elementor-element-6a2c9de4\" data-id=\"6a2c9de4\" data-element_type=\"column\">\n\t\t\t<div class=\"elementor-widget-wrap elementor-element-populated\">\n\t\t\t\t\t\t<div class=\"elementor-element elementor-element-12dc0ecc elementor-widget elementor-widget-image\" data-id=\"12dc0ecc\" data-element_type=\"widget\" data-widget_type=\"image.default\">\n\t\t\t\t<div class=\"elementor-widget-container\">\n\t\t\t\t\t\t\t\t\t\t\t\t\t\t\t\t<a href=\"https:\/\/www.tuexitoacademico.com\/blog\/emb2-apa\" target=\"_blank\">\n\t\t\t\t\t\t\t<img decoding=\"async\" width=\"1024\" height=\"576\" src=\"https:\/\/www.tuexitoacademico.com\/blog\/wp-content\/uploads\/2021\/01\/apa-1024x576.png\" class=\"attachment-large size-large wp-image-852\" alt=\"normas-apa\" srcset=\"https:\/\/www.tuexitoacademico.com\/blog\/wp-content\/uploads\/2021\/01\/apa-1024x576.png 1024w, https:\/\/www.tuexitoacademico.com\/blog\/wp-content\/uploads\/2021\/01\/apa-300x169.png 300w, https:\/\/www.tuexitoacademico.com\/blog\/wp-content\/uploads\/2021\/01\/apa-768x432.png 768w, https:\/\/www.tuexitoacademico.com\/blog\/wp-content\/uploads\/2021\/01\/apa-1536x864.png 1536w, https:\/\/www.tuexitoacademico.com\/blog\/wp-content\/uploads\/2021\/01\/apa.png 2000w\" sizes=\"(max-width: 1024px) 100vw, 1024px\" \/>\t\t\t\t\t\t\t\t<\/a>\n\t\t\t\t\t\t\t\t\t\t\t\t\t\t\t<\/div>\n\t\t\t\t<\/div>\n\t\t\t\t\t<\/div>\n\t\t<\/div>\n\t\t\t\t<div class=\"elementor-column elementor-col-50 elementor-top-column elementor-element elementor-element-523ecc39\" data-id=\"523ecc39\" data-element_type=\"column\">\n\t\t\t<div class=\"elementor-widget-wrap elementor-element-populated\">\n\t\t\t\t\t\t<div class=\"elementor-element elementor-element-75cd5f4d elementor-widget elementor-widget-heading\" data-id=\"75cd5f4d\" data-element_type=\"widget\" data-widget_type=\"heading.default\">\n\t\t\t\t<div class=\"elementor-widget-container\">\n\t\t\t\t\t<p class=\"elementor-heading-title elementor-size-default\"><a href=\"https:\/\/www.tuexitoacademico.com\/blog\/emb2-apa\" target=\"_blank\">Las Normas APA<\/a><\/p>\t\t\t\t<\/div>\n\t\t\t\t<\/div>\n\t\t\t\t\t<\/div>\n\t\t<\/div>\n\t\t\t\t\t<\/div>\n\t\t<\/section>\n\t\t\t\t<section class=\"elementor-section elementor-top-section elementor-element elementor-element-79ceb06b elementor-section-boxed elementor-section-height-default elementor-section-height-default\" data-id=\"79ceb06b\" data-element_type=\"section\">\n\t\t\t\t\t\t<div class=\"elementor-container elementor-column-gap-default\">\n\t\t\t\t\t<div class=\"elementor-column elementor-col-50 elementor-top-column elementor-element elementor-element-796b3143\" data-id=\"796b3143\" data-element_type=\"column\">\n\t\t\t<div class=\"elementor-widget-wrap elementor-element-populated\">\n\t\t\t\t\t\t<div class=\"elementor-element elementor-element-68af3466 elementor-widget elementor-widget-image\" data-id=\"68af3466\" data-element_type=\"widget\" data-widget_type=\"image.default\">\n\t\t\t\t<div class=\"elementor-widget-container\">\n\t\t\t\t\t\t\t\t\t\t\t\t\t\t\t\t<a href=\"https:\/\/www.tuexitoacademico.com\/blog\/emb3-objetivos\" target=\"_blank\">\n\t\t\t\t\t\t\t<img loading=\"lazy\" decoding=\"async\" width=\"1024\" height=\"576\" src=\"https:\/\/www.tuexitoacademico.com\/blog\/wp-content\/uploads\/2021\/01\/objetivos-1024x576.png\" class=\"attachment-large size-large wp-image-867\" alt=\"objetivos-de-la-investigacion\" srcset=\"https:\/\/www.tuexitoacademico.com\/blog\/wp-content\/uploads\/2021\/01\/objetivos-1024x576.png 1024w, https:\/\/www.tuexitoacademico.com\/blog\/wp-content\/uploads\/2021\/01\/objetivos-300x169.png 300w, https:\/\/www.tuexitoacademico.com\/blog\/wp-content\/uploads\/2021\/01\/objetivos-768x432.png 768w, https:\/\/www.tuexitoacademico.com\/blog\/wp-content\/uploads\/2021\/01\/objetivos-1536x864.png 1536w, https:\/\/www.tuexitoacademico.com\/blog\/wp-content\/uploads\/2021\/01\/objetivos.png 2000w\" sizes=\"(max-width: 1024px) 100vw, 1024px\" \/>\t\t\t\t\t\t\t\t<\/a>\n\t\t\t\t\t\t\t\t\t\t\t\t\t\t\t<\/div>\n\t\t\t\t<\/div>\n\t\t\t\t\t<\/div>\n\t\t<\/div>\n\t\t\t\t<div class=\"elementor-column elementor-col-50 elementor-top-column elementor-element elementor-element-3091fa55\" data-id=\"3091fa55\" data-element_type=\"column\">\n\t\t\t<div class=\"elementor-widget-wrap elementor-element-populated\">\n\t\t\t\t\t\t<div class=\"elementor-element elementor-element-30ec8812 elementor-widget elementor-widget-heading\" data-id=\"30ec8812\" data-element_type=\"widget\" data-widget_type=\"heading.default\">\n\t\t\t\t<div class=\"elementor-widget-container\">\n\t\t\t\t\t<p class=\"elementor-heading-title elementor-size-default\"><a href=\"https:\/\/www.tuexitoacademico.com\/blog\/emb3-objetivos\" target=\"_blank\">Objetivos de la Investigaci\u00f3n<\/a><\/p>\t\t\t\t<\/div>\n\t\t\t\t<\/div>\n\t\t\t\t\t<\/div>\n\t\t<\/div>\n\t\t\t\t\t<\/div>\n\t\t<\/section>\n\t\t\t\t<section class=\"elementor-section elementor-top-section elementor-element elementor-element-45b7bdc elementor-section-boxed elementor-section-height-default elementor-section-height-default\" data-id=\"45b7bdc\" data-element_type=\"section\">\n\t\t\t\t\t\t<div class=\"elementor-container elementor-column-gap-default\">\n\t\t\t\t\t<div class=\"elementor-column elementor-col-50 elementor-top-column elementor-element elementor-element-0a82e3f\" data-id=\"0a82e3f\" data-element_type=\"column\">\n\t\t\t<div class=\"elementor-widget-wrap elementor-element-populated\">\n\t\t\t\t\t\t<div class=\"elementor-element elementor-element-a42a6dd elementor-widget elementor-widget-image\" data-id=\"a42a6dd\" data-element_type=\"widget\" data-widget_type=\"image.default\">\n\t\t\t\t<div class=\"elementor-widget-container\">\n\t\t\t\t\t\t\t\t\t\t\t\t\t\t\t\t<a href=\"https:\/\/www.tuexitoacademico.com\/blog\/emb4-operacionalizacion\/\" target=\"_blank\">\n\t\t\t\t\t\t\t<img loading=\"lazy\" decoding=\"async\" width=\"1024\" height=\"576\" src=\"https:\/\/www.tuexitoacademico.com\/blog\/wp-content\/uploads\/2021\/02\/operacionalizacion-1024x576.png\" class=\"attachment-large size-large wp-image-922\" alt=\"operacionalizacion\" srcset=\"https:\/\/www.tuexitoacademico.com\/blog\/wp-content\/uploads\/2021\/02\/operacionalizacion-1024x576.png 1024w, https:\/\/www.tuexitoacademico.com\/blog\/wp-content\/uploads\/2021\/02\/operacionalizacion-300x169.png 300w, https:\/\/www.tuexitoacademico.com\/blog\/wp-content\/uploads\/2021\/02\/operacionalizacion-768x432.png 768w, https:\/\/www.tuexitoacademico.com\/blog\/wp-content\/uploads\/2021\/02\/operacionalizacion-1536x864.png 1536w, https:\/\/www.tuexitoacademico.com\/blog\/wp-content\/uploads\/2021\/02\/operacionalizacion.png 2000w\" sizes=\"(max-width: 1024px) 100vw, 1024px\" \/>\t\t\t\t\t\t\t\t<\/a>\n\t\t\t\t\t\t\t\t\t\t\t\t\t\t\t<\/div>\n\t\t\t\t<\/div>\n\t\t\t\t\t<\/div>\n\t\t<\/div>\n\t\t\t\t<div class=\"elementor-column elementor-col-50 elementor-top-column elementor-element elementor-element-5a54c3e\" data-id=\"5a54c3e\" data-element_type=\"column\">\n\t\t\t<div class=\"elementor-widget-wrap elementor-element-populated\">\n\t\t\t\t\t\t<div class=\"elementor-element elementor-element-e8a1822 elementor-widget elementor-widget-heading\" data-id=\"e8a1822\" data-element_type=\"widget\" data-widget_type=\"heading.default\">\n\t\t\t\t<div class=\"elementor-widget-container\">\n\t\t\t\t\t<p class=\"elementor-heading-title elementor-size-default\"><a href=\"https:\/\/www.tuexitoacademico.com\/blog\/emb4-operacionalizacion\/\" target=\"_blank\">Operacionalizaci\u00f3n de Variables<\/a><\/p>\t\t\t\t<\/div>\n\t\t\t\t<\/div>\n\t\t\t\t\t<\/div>\n\t\t<\/div>\n\t\t\t\t\t<\/div>\n\t\t<\/section>\n\t\t\t\t<\/div>\n\t\t","protected":false},"excerpt":{"rendered":"<p>\u00bfSabes cu\u00e1l es la forma correcta de configurar los t\u00edtulos del trabajo de investigaci\u00f3n? En este v\u00eddeo Dayana Salas te muestra lo f\u00e1cil que es tener configurado el documento desde el inicio Las Variables de la Investigaci\u00f3n Las Normas APA Objetivos de la Investigaci\u00f3n Operacionalizaci\u00f3n de Variables<\/p>\n","protected":false},"author":1,"featured_media":0,"parent":0,"menu_order":0,"comment_status":"closed","ping_status":"closed","template":"","meta":{"footnotes":""},"class_list":["post-791","page","type-page","status-publish"],"yoast_head":"<!-- This site is optimized with the Yoast SEO plugin v26.9 - https:\/\/yoast.com\/product\/yoast-seo-wordpress\/ -->\n<title>Emb5-titulos<\/title>\n<meta name=\"robots\" content=\"noindex, nofollow\" \/>\n<meta property=\"og:locale\" content=\"es_ES\" \/>\n<meta property=\"og:type\" content=\"article\" \/>\n<meta property=\"og:title\" content=\"Emb5-titulos\" \/>\n<meta property=\"og:description\" content=\"\u00bfSabes cu\u00e1l es la forma correcta de configurar los t\u00edtulos del trabajo de investigaci\u00f3n? En este v\u00eddeo Dayana Salas te muestra lo f\u00e1cil que es tener configurado el documento desde el inicio Las Variables de la Investigaci\u00f3n Las Normas APA Objetivos de la Investigaci\u00f3n Operacionalizaci\u00f3n de Variables\" \/>\n<meta property=\"og:url\" content=\"https:\/\/www.tuexitoacademico.com\/blog\/emb5-titulos\/\" \/>\n<meta property=\"og:site_name\" content=\"TuExitoAcademico\" \/>\n<meta property=\"article:publisher\" content=\"https:\/\/www.facebook.com\/laprofemat\" \/>\n<meta property=\"article:modified_time\" content=\"2021-02-23T20:58:47+00:00\" \/>\n<meta property=\"og:image\" content=\"https:\/\/www.tuexitoacademico.com\/blog\/wp-content\/uploads\/2018\/07\/proyecto-de-investigacion-1024x75.png\" \/>\n<meta name=\"twitter:card\" content=\"summary_large_image\" \/>\n<script type=\"application\/ld+json\" class=\"yoast-schema-graph\">{\"@context\":\"https:\/\/schema.org\",\"@graph\":[{\"@type\":\"WebPage\",\"@id\":\"https:\/\/www.tuexitoacademico.com\/blog\/emb5-titulos\/\",\"url\":\"https:\/\/www.tuexitoacademico.com\/blog\/emb5-titulos\/\",\"name\":\"Emb5-titulos\",\"isPartOf\":{\"@id\":\"https:\/\/www.tuexitoacademico.com\/blog\/#website\"},\"primaryImageOfPage\":{\"@id\":\"https:\/\/www.tuexitoacademico.com\/blog\/emb5-titulos\/#primaryimage\"},\"image\":{\"@id\":\"https:\/\/www.tuexitoacademico.com\/blog\/emb5-titulos\/#primaryimage\"},\"thumbnailUrl\":\"https:\/\/www.tuexitoacademico.com\/blog\/wp-content\/uploads\/2018\/07\/proyecto-de-investigacion-1024x75.png\",\"datePublished\":\"2021-01-04T20:29:37+00:00\",\"dateModified\":\"2021-02-23T20:58:47+00:00\",\"breadcrumb\":{\"@id\":\"https:\/\/www.tuexitoacademico.com\/blog\/emb5-titulos\/#breadcrumb\"},\"inLanguage\":\"es\",\"potentialAction\":[{\"@type\":\"ReadAction\",\"target\":[\"https:\/\/www.tuexitoacademico.com\/blog\/emb5-titulos\/\"]}]},{\"@type\":\"ImageObject\",\"inLanguage\":\"es\",\"@id\":\"https:\/\/www.tuexitoacademico.com\/blog\/emb5-titulos\/#primaryimage\",\"url\":\"https:\/\/www.tuexitoacademico.com\/blog\/wp-content\/uploads\/2018\/07\/proyecto-de-investigacion.png\",\"contentUrl\":\"https:\/\/www.tuexitoacademico.com\/blog\/wp-content\/uploads\/2018\/07\/proyecto-de-investigacion.png\",\"width\":1920,\"height\":140,\"caption\":\"proyecto-de-investigacion\"},{\"@type\":\"BreadcrumbList\",\"@id\":\"https:\/\/www.tuexitoacademico.com\/blog\/emb5-titulos\/#breadcrumb\",\"itemListElement\":[{\"@type\":\"ListItem\",\"position\":1,\"name\":\"Home\",\"item\":\"https:\/\/www.tuexitoacademico.com\/blog\/\"},{\"@type\":\"ListItem\",\"position\":2,\"name\":\"Emb5-titulos\"}]},{\"@type\":\"WebSite\",\"@id\":\"https:\/\/www.tuexitoacademico.com\/blog\/#website\",\"url\":\"https:\/\/www.tuexitoacademico.com\/blog\/\",\"name\":\"TuExitoAcademico\",\"description\":\"Asesoria para trabajos de investigaci\u00f3n\",\"publisher\":{\"@id\":\"https:\/\/www.tuexitoacademico.com\/blog\/#organization\"},\"potentialAction\":[{\"@type\":\"SearchAction\",\"target\":{\"@type\":\"EntryPoint\",\"urlTemplate\":\"https:\/\/www.tuexitoacademico.com\/blog\/?s={search_term_string}\"},\"query-input\":{\"@type\":\"PropertyValueSpecification\",\"valueRequired\":true,\"valueName\":\"search_term_string\"}}],\"inLanguage\":\"es\"},{\"@type\":\"Organization\",\"@id\":\"https:\/\/www.tuexitoacademico.com\/blog\/#organization\",\"name\":\"TuExitoAcademico\",\"url\":\"https:\/\/www.tuexitoacademico.com\/blog\/\",\"logo\":{\"@type\":\"ImageObject\",\"inLanguage\":\"es\",\"@id\":\"https:\/\/www.tuexitoacademico.com\/blog\/#\/schema\/logo\/image\/\",\"url\":\"https:\/\/www.tuexitoacademico.com\/blog\/wp-content\/uploads\/2018\/07\/cropped-proyecto-de-investigacion.png\",\"contentUrl\":\"https:\/\/www.tuexitoacademico.com\/blog\/wp-content\/uploads\/2018\/07\/cropped-proyecto-de-investigacion.png\",\"width\":1920,\"height\":140,\"caption\":\"TuExitoAcademico\"},\"image\":{\"@id\":\"https:\/\/www.tuexitoacademico.com\/blog\/#\/schema\/logo\/image\/\"},\"sameAs\":[\"https:\/\/www.facebook.com\/laprofemat\"]}]}<\/script>\n<!-- \/ Yoast SEO plugin. -->","yoast_head_json":{"title":"Emb5-titulos","robots":{"index":"noindex","follow":"nofollow"},"og_locale":"es_ES","og_type":"article","og_title":"Emb5-titulos","og_description":"\u00bfSabes cu\u00e1l es la forma correcta de configurar los t\u00edtulos del trabajo de investigaci\u00f3n? En este v\u00eddeo Dayana Salas te muestra lo f\u00e1cil que es tener configurado el documento desde el inicio Las Variables de la Investigaci\u00f3n Las Normas APA Objetivos de la Investigaci\u00f3n Operacionalizaci\u00f3n de Variables","og_url":"https:\/\/www.tuexitoacademico.com\/blog\/emb5-titulos\/","og_site_name":"TuExitoAcademico","article_publisher":"https:\/\/www.facebook.com\/laprofemat","article_modified_time":"2021-02-23T20:58:47+00:00","og_image":[{"url":"https:\/\/www.tuexitoacademico.com\/blog\/wp-content\/uploads\/2018\/07\/proyecto-de-investigacion-1024x75.png","type":"","width":"","height":""}],"twitter_card":"summary_large_image","schema":{"@context":"https:\/\/schema.org","@graph":[{"@type":"WebPage","@id":"https:\/\/www.tuexitoacademico.com\/blog\/emb5-titulos\/","url":"https:\/\/www.tuexitoacademico.com\/blog\/emb5-titulos\/","name":"Emb5-titulos","isPartOf":{"@id":"https:\/\/www.tuexitoacademico.com\/blog\/#website"},"primaryImageOfPage":{"@id":"https:\/\/www.tuexitoacademico.com\/blog\/emb5-titulos\/#primaryimage"},"image":{"@id":"https:\/\/www.tuexitoacademico.com\/blog\/emb5-titulos\/#primaryimage"},"thumbnailUrl":"https:\/\/www.tuexitoacademico.com\/blog\/wp-content\/uploads\/2018\/07\/proyecto-de-investigacion-1024x75.png","datePublished":"2021-01-04T20:29:37+00:00","dateModified":"2021-02-23T20:58:47+00:00","breadcrumb":{"@id":"https:\/\/www.tuexitoacademico.com\/blog\/emb5-titulos\/#breadcrumb"},"inLanguage":"es","potentialAction":[{"@type":"ReadAction","target":["https:\/\/www.tuexitoacademico.com\/blog\/emb5-titulos\/"]}]},{"@type":"ImageObject","inLanguage":"es","@id":"https:\/\/www.tuexitoacademico.com\/blog\/emb5-titulos\/#primaryimage","url":"https:\/\/www.tuexitoacademico.com\/blog\/wp-content\/uploads\/2018\/07\/proyecto-de-investigacion.png","contentUrl":"https:\/\/www.tuexitoacademico.com\/blog\/wp-content\/uploads\/2018\/07\/proyecto-de-investigacion.png","width":1920,"height":140,"caption":"proyecto-de-investigacion"},{"@type":"BreadcrumbList","@id":"https:\/\/www.tuexitoacademico.com\/blog\/emb5-titulos\/#breadcrumb","itemListElement":[{"@type":"ListItem","position":1,"name":"Home","item":"https:\/\/www.tuexitoacademico.com\/blog\/"},{"@type":"ListItem","position":2,"name":"Emb5-titulos"}]},{"@type":"WebSite","@id":"https:\/\/www.tuexitoacademico.com\/blog\/#website","url":"https:\/\/www.tuexitoacademico.com\/blog\/","name":"TuExitoAcademico","description":"Asesoria para trabajos de investigaci\u00f3n","publisher":{"@id":"https:\/\/www.tuexitoacademico.com\/blog\/#organization"},"potentialAction":[{"@type":"SearchAction","target":{"@type":"EntryPoint","urlTemplate":"https:\/\/www.tuexitoacademico.com\/blog\/?s={search_term_string}"},"query-input":{"@type":"PropertyValueSpecification","valueRequired":true,"valueName":"search_term_string"}}],"inLanguage":"es"},{"@type":"Organization","@id":"https:\/\/www.tuexitoacademico.com\/blog\/#organization","name":"TuExitoAcademico","url":"https:\/\/www.tuexitoacademico.com\/blog\/","logo":{"@type":"ImageObject","inLanguage":"es","@id":"https:\/\/www.tuexitoacademico.com\/blog\/#\/schema\/logo\/image\/","url":"https:\/\/www.tuexitoacademico.com\/blog\/wp-content\/uploads\/2018\/07\/cropped-proyecto-de-investigacion.png","contentUrl":"https:\/\/www.tuexitoacademico.com\/blog\/wp-content\/uploads\/2018\/07\/cropped-proyecto-de-investigacion.png","width":1920,"height":140,"caption":"TuExitoAcademico"},"image":{"@id":"https:\/\/www.tuexitoacademico.com\/blog\/#\/schema\/logo\/image\/"},"sameAs":["https:\/\/www.facebook.com\/laprofemat"]}]}},"_links":{"self":[{"href":"https:\/\/www.tuexitoacademico.com\/blog\/wp-json\/wp\/v2\/pages\/791","targetHints":{"allow":["GET"]}}],"collection":[{"href":"https:\/\/www.tuexitoacademico.com\/blog\/wp-json\/wp\/v2\/pages"}],"about":[{"href":"https:\/\/www.tuexitoacademico.com\/blog\/wp-json\/wp\/v2\/types\/page"}],"author":[{"embeddable":true,"href":"https:\/\/www.tuexitoacademico.com\/blog\/wp-json\/wp\/v2\/users\/1"}],"replies":[{"embeddable":true,"href":"https:\/\/www.tuexitoacademico.com\/blog\/wp-json\/wp\/v2\/comments?post=791"}],"version-history":[{"count":11,"href":"https:\/\/www.tuexitoacademico.com\/blog\/wp-json\/wp\/v2\/pages\/791\/revisions"}],"predecessor-version":[{"id":929,"href":"https:\/\/www.tuexitoacademico.com\/blog\/wp-json\/wp\/v2\/pages\/791\/revisions\/929"}],"wp:attachment":[{"href":"https:\/\/www.tuexitoacademico.com\/blog\/wp-json\/wp\/v2\/media?parent=791"}],"curies":[{"name":"wp","href":"https:\/\/api.w.org\/{rel}","templated":true}]}}